{"id":596,"date":"2023-09-21T12:47:52","date_gmt":"2023-09-21T12:47:52","guid":{"rendered":"https:\/\/mistralacciosocial.es\/cookies\/"},"modified":"2023-09-21T12:47:52","modified_gmt":"2023-09-21T12:47:52","slug":"cookies","status":"publish","type":"page","link":"https:\/\/mistralacciosocial.es\/val-val\/cookies\/","title":{"rendered":"COOKIES"},"content":{"rendered":"<div class=\"wpb_text_column wpb_content_element \">\n<div class=\"wpb_wrapper\"><strong style=\"font-size: 23.04px;\">Pol\u00edtica de cookies<\/strong><\/div>\n<\/div>\n<h2 id=\"cookies\"><strong>Normativa sobre l&#8217;\u00fas de cookies<\/strong><\/h2>\n<p>Esta Pol\u00edtica de Cookies \u00e9s part integrant de l&#8217;Av\u00eds Legal i la Pol\u00edtica de Privacitat d&#8217;Auditors de Tractament de Dades. L&#8217;acc\u00e9s i la navegaci\u00f3 en el lloc, o l&#8217;\u00fas dels serveis d&#8217;este, impliquen l&#8217;acceptaci\u00f3 de les Condicions Generals establides en el nostre Av\u00eds Legal (i per tant de la Pol\u00edtica de Privacitat i Pol\u00edtica de Cookies). Per favor, llig-les atentament.<\/p>\n<p>Li agra\u00efm que haja decidit visitar-nos. Volem que la seua experi\u00e8ncia en el lloc siga tan b\u00e9 com siga possible, i per eixe motiu hem redactat, en compliment de l&#8217;apartat segon de l&#8217;article 22 de la Llei 34\/2002, d&#8217;11 de juliol, de serveis de la societat de la informaci\u00f3 i de comer\u00e7 electr\u00f2nic (d&#8217;ara en avant, *LSSI), esta Pol\u00edtica de Cookies de la forma m\u00e9s clara, transparent, completa i comprensible possible.<\/p>\n<h4><strong>Qu\u00e8 \u00e9s una Cookie?<\/strong><br \/>\nEste lloc web utilitza cookies i\/o tecnologies similars que emmagatzemen i recuperen informaci\u00f3 quan navega. En general, estes tecnologies poden servir per a finalitats molt diverses, com, per exemple, recon\u00e9ixer-li com a usuari, obtindre informaci\u00f3 sobre els seus h\u00e0bits de navegaci\u00f3, o personalitzar la forma en qu\u00e8 es mostra el contingut.<\/h4>\n<p>Les cookies s\u00f3n arxius que contenen xicotetes quantitats d&#8217;informaci\u00f3 que es descarreguen en el navegador o en el dispositiu de l&#8217;usuari que s&#8217;utilitza (tel\u00e8fon intel\u00b7ligent, tauleta o televisi\u00f3 connectada) quan visita un lloc web. La seua finalitat principal \u00e9s emmagatzemar informaci\u00f3 sobre la seua visita i recon\u00e9ixer a l&#8217;usuari cada vegada que accedeix al lloc web. Ens permet, a m\u00e9s, millorar la qualitat i la usabilitat de la nostra web.<\/p>\n<p>Les cookies s\u00f3n essencials per al funcionament d&#8217;Internet; no poden danyar l&#8217;equip\/dispositiu de l&#8217;usuari i, si es troben activades en la configuraci\u00f3 del teu navegador, ens ajuden a identificar i resoldre possibles errors de funcionament de mistralacciosocial.es<\/p>\n<p>Com la majoria dels llocs en internet, este lloc web utilitza Cookies per a assegurar que la p\u00e0gina web funcione correctament, per a emmagatzemar les prefer\u00e8ncies, com, per exemple, l&#8217;idioma que ha seleccionat o la grand\u00e0ria de lletra, per a con\u00e9ixer l&#8217;experi\u00e8ncia de navegaci\u00f3 de l&#8217;usuari, per a recopilar informaci\u00f3 estad\u00edstica an\u00f2nima, com, per exemple, quines p\u00e0gines ha visitat l&#8217;usuari o quant temps ha rom\u00e0s en el lloc web.<\/p>\n<h2><\/h2>\n<h2><strong>Tipus de Cookies<\/strong><\/h2>\n<p>Hi ha diferents tipus de cookies. Tots ells treballen de la mateixa manera, per\u00f2 tenen xicotetes difer\u00e8ncies:<\/p>\n<p>\u2013 Cookies de Sessi\u00f3: s\u00f3n aquelles dissenyades per a recaptar i emmagatzemar dades mentre l&#8217;usuari accedeix a una p\u00e0gina web. Se solen emprar per a emmagatzemar informaci\u00f3 que nom\u00e9s interessa conservar per a la prestaci\u00f3 del servei sol\u00b7licitat per l&#8217;usuari en una sola ocasi\u00f3 (per exemple, una llista de productes adquirits) i desapareixen en acabar la sessi\u00f3. Les cookies de sessi\u00f3 duren solament per la duraci\u00f3 de la seua visita i s&#8217;esborren quan tanca el navegador. La seua finalitat principal \u00e9s identificar el tipus de dispositiu, donar suport a la seguretat lloc web o la seua funcionalitat b\u00e0sica. No contenen informaci\u00f3 personal que ens permeta identificar a una persona.<\/p>\n<p>\u2013 Cookies Persistents o Permanents: s\u00f3n aquelles en les quals les dades segueixen emmagatzemats en el terminal i poden ser accedits i tractats durant un per\u00edode definit pel responsable de la *cookie, i que pot anar d&#8217;uns minuts a diversos anys. S&#8217;emmagatzemen en el disc dur del dispositiu i la nostra web les llig cada vegada que realitza una nova visita al lloc web; posseeix una data de caducitat o expiraci\u00f3 determinada, complida la qual la cookie deixa de funcionar. Ens permeten identificar les seues accions i prefer\u00e8ncies; analitzar les visites i ens ajuden a comprendre com arriben els usuaris a la nostra p\u00e0gina i millorar els nostres serveis.<\/p>\n<p>\u2013 Cookies T\u00e8cniques, estrictament necess\u00e0ries: (exceptuades del compliment de les obligacions establides en l&#8217;article 22.2 de la *LSSI quan permeten prestar el servei sol\u00b7licitat per l&#8217;usuari). S\u00f3n aquelles que permeten a l&#8217;usuari la navegaci\u00f3 a trav\u00e9s d&#8217;una p\u00e0gina web, plataforma o aplicaci\u00f3 i la utilitzaci\u00f3 de les diferents opcions o serveis que en ella existisquen, incloent-hi aquelles que l&#8217;editor utilitza per a permetre la gesti\u00f3 i operativa de la p\u00e0gina web i habilitar les seues funcions i serveis, com, per exemple, controlar el tr\u00e0nsit i la comunicaci\u00f3 de dades, identificar la sessi\u00f3, accedir a parts d&#8217;acc\u00e9s restringit, recordar els elements que integren una comanda, realitzar el proc\u00e9s de compra d&#8217;una comanda, gestionar el pagament, controlar el frau vinculat a la seguretat del servei, realitzar la sol\u00b7licitud d&#8217;inscripci\u00f3 o participaci\u00f3 en un esdeveniment, comptar visites a l&#8217;efecte de la facturaci\u00f3 de llic\u00e8ncies del programari amb el qual funciona el servei (lloc web, plataforma o aplicaci\u00f3), utilitzar elements de seguretat durant la navegaci\u00f3, emmagatzemar continguts per a la difusi\u00f3 de v\u00eddeos o so, habilitar continguts din\u00e0mics (per exemple, animaci\u00f3 de c\u00e0rrega d&#8217;un text o imatge) o compartir continguts a trav\u00e9s de xarxes socials.<\/p>\n<p>\u2013 Cookies de Prefer\u00e8ncies o Personalitzaci\u00f3: s\u00f3n aquelles que permeten recordar informaci\u00f3 perqu\u00e8 l&#8217;usuari accedisca al servei amb determinades caracter\u00edstiques que poden diferenciar la seua experi\u00e8ncia de la d&#8217;altres usuaris, com, per exemple, l&#8217;idioma, el nombre de resultats a mostrar quan l&#8217;usuari realitza una cerca, l&#8217;aspecte o contingut del servei en funci\u00f3 del tipus de navegador a trav\u00e9s del qual l&#8217;usuari accedeix al servei o de la regi\u00f3 des de la qual accedeix al servei, etc.<\/p>\n<p>\u2013 Cookies de Geo-localitzaci\u00f3: s&#8217;utilitzen per a esbrinar en quin pa\u00eds o regi\u00f3 es troba l&#8217;usuari quan accedeix a un servei del lloc web amb la finalitat d&#8217;oferir-li continguts o serveis adequats a la seua localitzaci\u00f3.<\/p>\n<p>\u2013 Cookies d&#8217;An\u00e0lisis o mesurament: s\u00f3n aquelles que permeten al responsable de les mateixes el seguiment i an\u00e0lisi del comportament dels usuaris dels llocs web als quals estan vinculades, inclosa la quantificaci\u00f3 dels impactes dels anuncis. La informaci\u00f3 recollida mitjan\u00e7ant esta mena de cookies s&#8217;utilitza en el mesurament de l&#8217;activitat dels llocs web, aplicaci\u00f3 o plataforma, amb la finalitat d&#8217;introduir millores en funci\u00f3 de l&#8217;an\u00e0lisi de les dades d&#8217;\u00fas que fan els usuaris del servei.<\/p>\n<p>\u2013 Cookies de Publicitat comportamental: s\u00f3n aquelles que emmagatzemen informaci\u00f3 del comportament dels usuaris obtinguda a trav\u00e9s de l&#8217;observaci\u00f3 continuada dels seus h\u00e0bits de navegaci\u00f3, la qual cosa permet desenvolupar un perfil espec\u00edfic per a mostrar publicitat en funci\u00f3 d&#8217;este.<\/p>\n<p>\u2013 An\u00f2nimes: nom\u00e9s recopilen informaci\u00f3 sobre els espais publicitaris mostrats en el lloc web, amb independ\u00e8ncia de l&#8217;usuari que accedeix al lloc web, \u00e9s a dir, sense identificar-li expressament.<\/p>\n<p>\u2013 Personalitzades: recopilen informaci\u00f3 personal de l&#8217;usuari del lloc web per part d&#8217;un tercer, per a la personalitzaci\u00f3 d&#8217;aquests espais publicitaris.<\/p>\n<p>\u2013 Cookies de Funcionalitat: permeten recordar decisions adoptades per l&#8217;usuari, com el seu login o identificador. La informaci\u00f3 d&#8217;estes cookies recullen s&#8217;anonimitza (\u00e9s a dir, no cont\u00e9 ni el teu nom, direcci\u00f3, o altres dades).<\/p>\n<p>\u2013 Cookies Pr\u00f2pies: s\u00f3n aquelles que s&#8217;envien a l&#8217;equip terminal de l&#8217;usuari des d&#8217;un equip o domini gestionat pel propi editor i des del qual es presta el servei sol\u00b7licitat per l&#8217;usuari.<\/p>\n<p>\u2013 Cookies de Tercers: les cookies de tercers s\u00f3n les cookies que instal\u00b7la un lloc web que no \u00e9s el que est\u00e0s visitant; per exemple, les usades per xarxes socials (com Facebook) o per complements externs de contingut (com Google Maps). A m\u00e9s, algunes empreses de publicitat usen este tipus d&#8217;arxius per a realitzar un seguiment de les teues visites en cada lloc en el qual s&#8217;anuncien.<\/p>\n<h4><strong>\u00das de Cookies per part de mistralacciosocial.es<\/strong><\/h4>\n<p>Mitjan\u00e7ant l&#8217;acc\u00e9s a mistralacciosocial.es, accepta de manera expressa que puguem usar este tipus de cookies en els seus dispositius. Si desactiva les cookies, pot ser que la seua navegaci\u00f3 no siga \u00f2ptima i que algunes de les utilitats disponibles no funcionen correctament.<\/p>\n<p>a) Cookies pr\u00f2pies.<\/p>\n<p>Amb la finalitat de recon\u00e9ixer-li i prestar-li un millor servei, el nostre lloc utilitza cookies pr\u00f2pies (xicotets arxius de text que el seu navegador emmagatzema). Els avantatges que comporta l&#8217;acceptaci\u00f3 de les nostres cookies es tradueix en un estalvi de temps.<\/p>\n<p>Aix\u00ed mateix poden ser utilitzades tamb\u00e9 per a recon\u00e9ixer-li entre visites successives i aix\u00ed adaptar el contingut que se li mostra, per a obtindre informaci\u00f3 sobre la data i hora de la seua \u00faltima visita, mesurar alguns par\u00e0metres de tr\u00e0nsit dins del propi lloc, i estimar el nombre de visites realitzades, de manera que puguem enfocar i ajustar els serveis i promocions de forma m\u00e9s efectiva.<\/p>\n<p>Cap cookie permet que puga contactar-se amb el seu n\u00famero de tel\u00e8fon, la seua adre\u00e7a de correu electr\u00f2nic o amb qualsevol altre mitj\u00e0 de contacte. Cap cookie pot extraure informaci\u00f3 del seu disc dur o robar informaci\u00f3 personal.<\/p>\n<h2><\/h2>\n<h2><strong>COOKIES ESTRICTAMENT NECESS\u00c0RIES<\/strong><\/h2>\n<p>Nomene Prop\u00f2sit<br \/>\nrc::a Google Esta cookie s&#8217;utilitza per a distingir entre humans i bots. Aix\u00f2 \u00e9s benefici\u00f3s per a la web a fi d&#8217;elaborar informes v\u00e0lids sobre l&#8217;\u00fas del seu web. Persistent HTML<\/p>\n<p>rc::b Google Esta cookie s&#8217;utilitza per a distingir entre humans i bots. Session HTML<\/p>\n<p>rc::c Google Esta cookie s&#8217;utilitza per a distingir entre humans i bots. Session HTML<\/p>\n<p>CookieConsent. Cookiebot Emmagatzema l&#8217;estat de consentiment de cookies de l&#8217;usuari per al domini actual 1 any HTTP<\/p>\n<p>b) Cookies de Tercers.<\/p>\n<p>Cookies de Google Analytics.<\/p>\n<p>El lloc pot utilitzar el servei Google Analytics, que \u00e9s prestat per Google, Inc., entitat l&#8217;oficina principal de la qual est\u00e0 en 1600 Amphitheatre Parkway, Mountain View (Calif\u00f2rnia), CA 94043, els Estats Units (\u00abGoogle\u00bb).<\/p>\n<p>Google Analytics utilitza cookies per a ajudar-nos a analitzar l&#8217;\u00fas que fan els usuaris del lloc. La informaci\u00f3 que genera la cookie sobre el seu \u00fas del lloc (incloent la teua adre\u00e7a IP) ser\u00e0 directament transmesa i arxivada per Google en els seus servidors dels Estats Units. Google usar\u00e0 esta informaci\u00f3 per compte nostre amb el prop\u00f2sit de seguir la pista del seu \u00fas del lloc, recopilant informes de l&#8217;activitat del lloc i prestant altres serveis relacionats amb l&#8217;activitat del lloc i l&#8217;\u00fas d&#8217;Internet. Google podr\u00e0 transmetre aquesta informaci\u00f3 a tercers quan aix\u00ed li ho requerisca la legislaci\u00f3, o quan dits tercers processen la informaci\u00f3 per compte de Google. Google no associar\u00e0 la seua adre\u00e7a IP amb cap altra dada del qual dispose Google.<\/p>\n<p>Si ho desitja pot rebutjar el tractament de les dades o la informaci\u00f3 rebutjant l&#8217;\u00fas de cookies mitjan\u00e7ant la selecci\u00f3 de la configuraci\u00f3 apropiada del seu navegador. No obstant aix\u00f2, si ho fa, pot ser que no puga usar la plena funcionabilitat d&#8217;este lloc. En utilitzar este lloc consents el tractament la seua informaci\u00f3 per Google en la forma i per als fins indicats m\u00e9s amunt.<\/p>\n<p>M\u00e9s informaci\u00f3 en https:\/\/www.google.es\/intl\/es\/policies\/technologies\/cookies\/.<\/p>\n<p>Google ha desenvolupat un complement que pot instal\u00b7lar en el seu navegador si desitja no ser rastrejat per les seues cookies: https:\/\/tools.google.com\/dlpage\/gaoptout.<\/p>\n<p>&nbsp;<\/p>\n<h2><\/h2>\n<h2><strong>COOKIES ANAL\u00cdTIQUES<\/strong><\/h2>\n<p>Nomene Prop\u00f2sit<br \/>\n_utma S&#8217;usa per a distingir usuaris i sessions. La cookie es crea quan s&#8217;executa la biblioteca JavaScript i no hi ha cap cookie __utma. La cookie s&#8217;actualitza cada vegada que s&#8217;envien dades a Google Analytics.<br \/>\n_utmt S&#8217;usa per a limitar el percentatge de sol\u00b7licituds.<br \/>\n_utmb S&#8217;usa per a determinar noves sessions o visites. La cookie es crea quan s&#8217;executa la biblioteca JavaScript i no hi ha cap cookie __utmb. La cookie s&#8217;actualitza cada vegada que s&#8217;envien dades a Google Analytics.<br \/>\n_utmc No s&#8217;usa en ga.js. Es configura per a interactuar amb urchin.js. Anteriorment, esta cookie actuava juntament amb la cookie __utmb per a determinar si l&#8217;usuari estava en una nova sessi\u00f3 o visita.<br \/>\n_utmz Emmagatzema la font de tr\u00e0nsit o la campanya que explica com ha arribat l&#8217;usuari al lloc. La cookie es crea quan s&#8217;executa la biblioteca JavaScript i s&#8217;actualitza cada vegada que s&#8217;envien dades a Google Analytics.<br \/>\n_utmv S&#8217;usa per a emmagatzemar dades de variables personalitzades de visitant. Esta cookie es crea quan un programador usa el m\u00e8tode _setCustomVar amb una variable personalitzada de visitant. Tamb\u00e9 s&#8217;usava per al m\u00e8tode _setVar retirat. La cookie s&#8217;actualitza cada vegada que s&#8217;envien dades a Google Analytics.<br \/>\n_ga S&#8217;usa per a diferenciar entre usuaris i sessions. La cookie es crea en carregar la llibreria javascript i no existeix una versi\u00f3 pr\u00e8via de la cookie _ga. La cookie s&#8217;actualitza cada vegada que envia les dades a Google Analytics.<br \/>\n_gat S&#8217;usa per a diferenciar entre els diferents objectes de seguiment creats en la sessi\u00f3. La cookie es crea en carregar la llibreria javascript i no existeix una versi\u00f3 pr\u00e8via de la cookie _gat. La cookie s&#8217;actualitza cada vegada que envia les dades a Google Analytics.<\/p>\n<h2><strong>ALTRES COOKIES DE TERCERS<\/strong><\/h2>\n<p>Nom<br \/>\njoinchat_views The purpose of these cookies is to establish a communication channel via WhatsApp with the user.<\/p>\n<p>pvc_visits[0] Esta cookie s&#8217;utilitza per a comptar les vegades que un lloc web ha sigut visitat per diferents visitants. Aix\u00f2 s&#8217;aconsegueix assignant un ANEU aleatori al visitant, per a evitar el registre doble del visitant. 262799 d\u00edes HTTP<\/p>\n<p>NID. Registra una identificaci\u00f3 \u00fanica que identifica el dispositiu d&#8217;un usuari que torna. La identificaci\u00f3 s&#8217;utilitza per als anuncis espec\u00edfics.6 mesos<\/p>\n<h2><strong>Configuraci\u00f3 de l\u00b4usuari per a evitar Cookies<\/strong>.<\/h2>\n<p>Des de mistralacciosocial.es i en compliment de la normativa legal vigent, posem a la seua disposici\u00f3 la informaci\u00f3 que li permeta configurar el seu navegador\/navegadors d&#8217;Internet per a mantindre la seua privacitat i seguretat en relaci\u00f3 a les cookies. Per aix\u00f2, li facilitem la informaci\u00f3 i enlla\u00e7os als situats de suport oficials dels principals navegadors perqu\u00e8 puga decidir si desitja o no acceptar l&#8217;\u00fas de cookies.<\/p>\n<p>Aix\u00ed, pot bloquejar les cookies a trav\u00e9s de les eines de configuraci\u00f3 del navegador o b\u00e9 pot configurar el seu navegador perqu\u00e8 li avise quan un servidor vulga guardar una cookie:<\/p>\n<p>a) Si utilitza Microsoft Internet Explorer, en l&#8217;opci\u00f3 de men\u00fa Eines &gt; Opcions d&#8217;Internet&gt; Privacitat &gt; Configuraci\u00f3. Per a saber m\u00e9s visite https:\/\/support.microsoft.com\/es-es\/help\/17442\/windows-internet-explorer-delete-manage-cookies.<br \/>\nb) Si utilitza Mozilla Firefox, en l&#8217;opci\u00f3 de men\u00fa Eines &gt; Opcions &gt; Privacitat &gt; Cookies. Per a saber m\u00e9s visite<br \/>\nhttps:\/\/support.mozilla.org\/es\/kb\/Deshabilitar%20cookies%20de%20terceros.<br \/>\nc) Si utilitza Google Chrome, en la secci\u00f3 d&#8217;Opcions &gt; Opcions avan\u00e7ades &gt; Privacitat. Per a saber m\u00e9s visite http:\/\/support.google.com\/chrome\/bin\/answer.py?hl=es&amp;answer=95647.<br \/>\nd) Si utilitza Opera, en l&#8217;opci\u00f3 de Seguretat i Privacitat, podr\u00e0s configurar el navegador. Per a saber m\u00e9s visite<br \/>\nhttp:\/\/www.opera.com\/help\/tutorials\/security\/cookies\/.<br \/>\ne) Si utilitza Apple Safari, en l&#8217;opci\u00f3 Prefer\u00e8ncies &gt; Seguretat o Privacitat, podr\u00e0s configurar Navegador. Per a saber mes visite https:\/\/support.apple.com\/kb\/PH21411?viewlocale=es_ES&amp;locale=es_ES.<\/p>\n<p>f) Si desitja deshabilitar Google Universal Analytics, pot instal\u00b7lar la seg\u00fcent extensi\u00f3 proporcionada per Google: https:\/\/tools.google.com\/dlpage\/gaoptout.<br \/>\nAlgunes funcionalitats i serveis poden quedar deshabilitats o tindre un comportament diferent de l&#8217;esperat com, per exemple, romandre identificat, mantindre les compres en el \u201ccarret de la compra\u201d en un servei de comer\u00e7 electr\u00f2nic o rebre informaci\u00f3 dirigida a la seua localitzaci\u00f3, entre altres.<\/p>\n<p>Si deshabilita l&#8217;\u00fas de Cookies en este lloc web \u00e9s probable que deixe de poder accedir a unes certes zones del mateix o que es degrade notablement l&#8217;experi\u00e8ncia de navegaci\u00f3 en este.<\/p>\n<p>&nbsp;<\/p>\n<p>&nbsp;<\/p>\n","protected":false},"excerpt":{"rendered":"<p>Pol\u00edtica de cookies Normativa sobre l&#8217;\u00fas de cookies Esta Pol\u00edtica de Cookies \u00e9s part integrant de l&#8217;Av\u00eds Legal i la Pol\u00edtica de Privacitat d&#8217;Auditors de Tractament de Dades. L&#8217;acc\u00e9s i la navegaci\u00f3 en el lloc, o l&#8217;\u00fas dels serveis d&#8217;este, impliquen l&#8217;acceptaci\u00f3 de les Condicions Generals establides en el nostre Av\u00eds Legal (i per tant [&#8230;]\n","protected":false},"author":1,"featured_media":0,"parent":0,"menu_order":0,"comment_status":"closed","ping_status":"closed","template":"","meta":{"footnotes":""},"class_list":["post-596","page","type-page","status-publish","hentry"],"yoast_head":"<!-- This site is optimized with the Yoast SEO plugin v27.5 - https:\/\/yoast.com\/product\/yoast-seo-wordpress\/ -->\n<title>COOKIES - MISTRAL ACCION SOCIAL<\/title>\n<meta name=\"robots\" content=\"noindex, nofollow\" \/>\n<meta property=\"og:locale\" content=\"en_US\" \/>\n<meta property=\"og:type\" content=\"article\" \/>\n<meta property=\"og:title\" content=\"COOKIES - MISTRAL ACCION SOCIAL\" \/>\n<meta property=\"og:description\" content=\"Pol\u00edtica de cookies Normativa sobre l&#8217;\u00fas de cookies Esta Pol\u00edtica de Cookies \u00e9s part integrant de l&#8217;Av\u00eds Legal i la Pol\u00edtica de Privacitat d&#8217;Auditors de Tractament de Dades. L&#8217;acc\u00e9s i la navegaci\u00f3 en el lloc, o l&#8217;\u00fas dels serveis d&#8217;este, impliquen l&#8217;acceptaci\u00f3 de les Condicions Generals establides en el nostre Av\u00eds Legal (i per tant [...]\" \/>\n<meta property=\"og:url\" content=\"https:\/\/mistralacciosocial.es\/val-val\/cookies\/\" \/>\n<meta property=\"og:site_name\" content=\"MISTRAL ACCION SOCIAL\" \/>\n<meta name=\"twitter:card\" content=\"summary_large_image\" \/>\n<meta name=\"twitter:label1\" content=\"Est. reading time\" \/>\n\t<meta name=\"twitter:data1\" content=\"13 minutes\" \/>\n<script type=\"application\/ld+json\" class=\"yoast-schema-graph\">{\"@context\":\"https:\\\/\\\/schema.org\",\"@graph\":[{\"@type\":\"WebPage\",\"@id\":\"https:\\\/\\\/mistralacciosocial.es\\\/val-val\\\/cookies\\\/\",\"url\":\"https:\\\/\\\/mistralacciosocial.es\\\/val-val\\\/cookies\\\/\",\"name\":\"COOKIES - MISTRAL ACCION SOCIAL\",\"isPartOf\":{\"@id\":\"https:\\\/\\\/mistralacciosocial.es\\\/#website\"},\"datePublished\":\"2023-09-21T12:47:52+00:00\",\"breadcrumb\":{\"@id\":\"https:\\\/\\\/mistralacciosocial.es\\\/val-val\\\/cookies\\\/#breadcrumb\"},\"inLanguage\":\"val-VAL\",\"potentialAction\":[{\"@type\":\"ReadAction\",\"target\":[\"https:\\\/\\\/mistralacciosocial.es\\\/val-val\\\/cookies\\\/\"]}]},{\"@type\":\"BreadcrumbList\",\"@id\":\"https:\\\/\\\/mistralacciosocial.es\\\/val-val\\\/cookies\\\/#breadcrumb\",\"itemListElement\":[{\"@type\":\"ListItem\",\"position\":1,\"name\":\"Portada\",\"item\":\"https:\\\/\\\/mistralacciosocial.es\\\/val-val\\\/\"},{\"@type\":\"ListItem\",\"position\":2,\"name\":\"COOKIES\"}]},{\"@type\":\"WebSite\",\"@id\":\"https:\\\/\\\/mistralacciosocial.es\\\/#website\",\"url\":\"https:\\\/\\\/mistralacciosocial.es\\\/\",\"name\":\"MISTRAL ACCION SOCIAL\",\"description\":\"\",\"potentialAction\":[{\"@type\":\"SearchAction\",\"target\":{\"@type\":\"EntryPoint\",\"urlTemplate\":\"https:\\\/\\\/mistralacciosocial.es\\\/?s={search_term_string}\"},\"query-input\":{\"@type\":\"PropertyValueSpecification\",\"valueRequired\":true,\"valueName\":\"search_term_string\"}}],\"inLanguage\":\"val-VAL\"}]}<\/script>\n<!-- \/ Yoast SEO plugin. -->","yoast_head_json":{"title":"COOKIES - MISTRAL ACCION SOCIAL","robots":{"index":"noindex","follow":"nofollow"},"og_locale":"en_US","og_type":"article","og_title":"COOKIES - MISTRAL ACCION SOCIAL","og_description":"Pol\u00edtica de cookies Normativa sobre l&#8217;\u00fas de cookies Esta Pol\u00edtica de Cookies \u00e9s part integrant de l&#8217;Av\u00eds Legal i la Pol\u00edtica de Privacitat d&#8217;Auditors de Tractament de Dades. L&#8217;acc\u00e9s i la navegaci\u00f3 en el lloc, o l&#8217;\u00fas dels serveis d&#8217;este, impliquen l&#8217;acceptaci\u00f3 de les Condicions Generals establides en el nostre Av\u00eds Legal (i per tant [...]","og_url":"https:\/\/mistralacciosocial.es\/val-val\/cookies\/","og_site_name":"MISTRAL ACCION SOCIAL","twitter_card":"summary_large_image","twitter_misc":{"Est. reading time":"13 minutes"},"schema":{"@context":"https:\/\/schema.org","@graph":[{"@type":"WebPage","@id":"https:\/\/mistralacciosocial.es\/val-val\/cookies\/","url":"https:\/\/mistralacciosocial.es\/val-val\/cookies\/","name":"COOKIES - MISTRAL ACCION SOCIAL","isPartOf":{"@id":"https:\/\/mistralacciosocial.es\/#website"},"datePublished":"2023-09-21T12:47:52+00:00","breadcrumb":{"@id":"https:\/\/mistralacciosocial.es\/val-val\/cookies\/#breadcrumb"},"inLanguage":"val-VAL","potentialAction":[{"@type":"ReadAction","target":["https:\/\/mistralacciosocial.es\/val-val\/cookies\/"]}]},{"@type":"BreadcrumbList","@id":"https:\/\/mistralacciosocial.es\/val-val\/cookies\/#breadcrumb","itemListElement":[{"@type":"ListItem","position":1,"name":"Portada","item":"https:\/\/mistralacciosocial.es\/val-val\/"},{"@type":"ListItem","position":2,"name":"COOKIES"}]},{"@type":"WebSite","@id":"https:\/\/mistralacciosocial.es\/#website","url":"https:\/\/mistralacciosocial.es\/","name":"MISTRAL ACCION SOCIAL","description":"","potentialAction":[{"@type":"SearchAction","target":{"@type":"EntryPoint","urlTemplate":"https:\/\/mistralacciosocial.es\/?s={search_term_string}"},"query-input":{"@type":"PropertyValueSpecification","valueRequired":true,"valueName":"search_term_string"}}],"inLanguage":"val-VAL"}]}},"_links":{"self":[{"href":"https:\/\/mistralacciosocial.es\/val-val\/wp-json\/wp\/v2\/pages\/596","targetHints":{"allow":["GET"]}}],"collection":[{"href":"https:\/\/mistralacciosocial.es\/val-val\/wp-json\/wp\/v2\/pages"}],"about":[{"href":"https:\/\/mistralacciosocial.es\/val-val\/wp-json\/wp\/v2\/types\/page"}],"author":[{"embeddable":true,"href":"https:\/\/mistralacciosocial.es\/val-val\/wp-json\/wp\/v2\/users\/1"}],"replies":[{"embeddable":true,"href":"https:\/\/mistralacciosocial.es\/val-val\/wp-json\/wp\/v2\/comments?post=596"}],"version-history":[{"count":0,"href":"https:\/\/mistralacciosocial.es\/val-val\/wp-json\/wp\/v2\/pages\/596\/revisions"}],"wp:attachment":[{"href":"https:\/\/mistralacciosocial.es\/val-val\/wp-json\/wp\/v2\/media?parent=596"}],"curies":[{"name":"wp","href":"https:\/\/api.w.org\/{rel}","templated":true}]}}